{"id":126,"date":"2017-05-11T17:13:50","date_gmt":"2017-05-11T15:13:50","guid":{"rendered":"https:\/\/ski-rental-flaine.com\/rental\/"},"modified":"2023-11-09T15:29:25","modified_gmt":"2023-11-09T14:29:25","slug":"rental","status":"publish","type":"page","link":"https:\/\/ski-rental-flaine.com\/en\/rental\/","title":{"rendered":"Rental"},"content":{"rendered":"<section  class='av_textblock_section av-8lj0e-17f57c5bfc3778ee7f6a6b3fc8394d8c '   itemscope=\"itemscope\" itemtype=\"https:\/\/schema.org\/CreativeWork\" ><div class='avia_textblock'  itemprop=\"text\" ><h1 style=\"text-align: center;\">RENTAL<\/h1>\n<\/div><\/section>\n<section  class='av_textblock_section av-7zxgq-555df0af34c0719660017c0905aa3522 '   itemscope=\"itemscope\" itemtype=\"https:\/\/schema.org\/CreativeWork\" ><div class='avia_textblock'  itemprop=\"text\" ><p>You can, via the links below, book your equipment online, in the store of your choice closest to your home! You will find all our rental rates at the bottom of this page. Do not hesitate to contact us for any advice, special needs, etc.<\/p>\n<\/div><\/section>\n\n<style type=\"text\/css\" data-created_by=\"avia_inline_auto\" id=\"style-css-av-78yh6-58acbeb08fdaf199e2550415155b9e03\">\n.avia-image-container.av-78yh6-58acbeb08fdaf199e2550415155b9e03 img.avia_image{\nbox-shadow:none;\n}\n.avia-image-container.av-78yh6-58acbeb08fdaf199e2550415155b9e03 .av-image-caption-overlay-center{\ncolor:#ffffff;\n}\n<\/style>\n<div  class='avia-image-container av-78yh6-58acbeb08fdaf199e2550415155b9e03 av-styling-no-styling avia_animated_image av-animated-when-visible-95 fade-in avia-align-center  avia-builder-el-2  el_after_av_textblock  el_before_av_one_half '   itemprop=\"image\" itemscope=\"itemscope\" itemtype=\"https:\/\/schema.org\/ImageObject\" ><div class=\"avia-image-container-inner\"><div class=\"avia-image-overlay-wrap\"><img fetchpriority=\"high\" class='wp-image-418 avia-img-lazy-loading-not-418 avia_image ' src='https:\/\/ski-rental-flaine.com\/wp-content\/uploads\/2017\/04\/mags.png' alt='Skiset Flaine - Magasins' title='Skiset Flaine - Magasins'  height=\"495\" width=\"600\"  itemprop=\"thumbnailUrl\"  \/><\/div><\/div><\/div>\n<div class='flex_column_table av-6u4iy-afcbb5ab8b267ec9ee1627c17bf36d9c sc-av_one_half av-equal-height-column-flextable'>\n<style type=\"text\/css\" data-created_by=\"avia_inline_auto\" id=\"style-css-av-6u4iy-afcbb5ab8b267ec9ee1627c17bf36d9c\">\n.flex_column.av-6u4iy-afcbb5ab8b267ec9ee1627c17bf36d9c{\nborder-radius:0px 0px 0px 0px;\npadding:0px 0px 0px 0px;\n}\n<\/style>\n<div  class='flex_column av-6u4iy-afcbb5ab8b267ec9ee1627c17bf36d9c av_one_half  avia-builder-el-3  el_after_av_image  el_before_av_one_half  first flex_column_table_cell av-equal-height-column av-align-top av-animated-generic left-to-right av-zero-column-padding  '     ><p>\n<style type=\"text\/css\" data-created_by=\"avia_inline_auto\" id=\"style-css-av-63qiy-15f6a0fbda7dd1a6d04a209c6f487cd7\">\n.avia-image-container.av-63qiy-15f6a0fbda7dd1a6d04a209c6f487cd7 img.avia_image{\nbox-shadow:none;\n}\n.avia-image-container.av-63qiy-15f6a0fbda7dd1a6d04a209c6f487cd7 .av-image-caption-overlay-center{\ncolor:#ffffff;\n}\n<\/style>\n<div  class='avia-image-container av-63qiy-15f6a0fbda7dd1a6d04a209c6f487cd7 av-styling-no-styling avia-align-center  avia-builder-el-4  el_before_av_textblock  avia-builder-el-first '   itemprop=\"image\" itemscope=\"itemscope\" itemtype=\"https:\/\/schema.org\/ImageObject\" ><div class=\"avia-image-container-inner\"><div class=\"avia-image-overlay-wrap\"><img fetchpriority=\"high\" class='wp-image-413 avia-img-lazy-loading-not-413 avia_image ' src='https:\/\/ski-rental-flaine.com\/wp-content\/uploads\/2017\/05\/flaine_skiset-300x116.png' alt='G\u00e9n\u00e9ral Sport - Skiset Flaine' title='G\u00e9n\u00e9ral Sport - Skiset Flaine'  height=\"116\" width=\"300\"  itemprop=\"thumbnailUrl\"  \/><\/div><\/div><\/div><br \/>\n<section  class='av_textblock_section av-jqzm-f24bf801c1f6dc97b2a56db6bbde3a59 '   itemscope=\"itemscope\" itemtype=\"https:\/\/schema.org\/CreativeWork\" ><div class='avia_textblock'  itemprop=\"text\" ><p style=\"text-align: center;\"><strong>G\u00c9N\u00c9RAL SPORT &#8211; LE HAMEAU DE FLAINE<\/strong><\/p>\n<p>Flaine Le Hameau 2 minutes from the Refuge du Golf and the H\u00e9lios residence \u2013 Luggage storage at bus stop N\u00b03<\/p>\n<p>Skis or snowboard ready to use from Hameau de Flaine!<\/p>\n<p style=\"text-align: center;\"><strong>Le Refuge du Golf<\/strong><\/p>\n<p style=\"text-align: center;\"><strong>Les Terrasses d\u2019H\u00e9lios<\/strong><\/p>\n<p style=\"text-align: center;\"><strong>Les Terrasses d\u2019Eos<\/strong><\/p>\n<p style=\"text-align: center;\"><strong>Mont-Soleil \u2013 Pierre et Vacances<\/strong><\/p>\n<\/div><\/section><br \/>\n<div  class='avia-button-wrap av-4xrvm-4a01a7ba1398d42c88f782924e8555ea-wrap avia-button-center  avia-builder-el-6  el_after_av_textblock  avia-builder-el-last '><a href='https:\/\/www.skiset.co.uk\/ski-resort\/flaine\/shops\/general-sports-le-hameau\/'  class='avia-button av-4xrvm-4a01a7ba1398d42c88f782924e8555ea av-link-btn avia-icon_select-yes-right-icon avia-size-x-large avia-position-center avia-color-theme-color'  target=\"_blank\"  rel=\"noopener noreferrer\"  aria-label=\"RENT ONLINE HERE\"><span class='avia_iconbox_title' >RENT ONLINE HERE<\/span><span class='avia_button_icon avia_button_icon_right avia-iconfont avia-font-entypo-fontello' data-av_icon='\ue835' data-av_iconfont='entypo-fontello' ><\/span><\/a><\/div><\/p><\/div>\n<div class='av-flex-placeholder'><\/div>\n<style type=\"text\/css\" data-created_by=\"avia_inline_auto\" id=\"style-css-av-4d4qu-28521beca5544c5b38da16f9911612ee\">\n.flex_column.av-4d4qu-28521beca5544c5b38da16f9911612ee{\nborder-radius:0px 0px 0px 0px;\npadding:0px 0px 0px 0px;\n}\n<\/style>\n<div  class='flex_column av-4d4qu-28521beca5544c5b38da16f9911612ee av_one_half  avia-builder-el-7  el_after_av_one_half  el_before_av_one_full  flex_column_table_cell av-equal-height-column av-align-top av-animated-generic right-to-left av-zero-column-padding  '     ><p>\n<style type=\"text\/css\" data-created_by=\"avia_inline_auto\" id=\"style-css-av-3rgni-8d13023b81625f29255d344139ba253a\">\n.avia-image-container.av-3rgni-8d13023b81625f29255d344139ba253a img.avia_image{\nbox-shadow:none;\n}\n.avia-image-container.av-3rgni-8d13023b81625f29255d344139ba253a .av-image-caption-overlay-center{\ncolor:#ffffff;\n}\n<\/style>\n<div  class='avia-image-container av-3rgni-8d13023b81625f29255d344139ba253a av-styling-no-styling avia-align-center  avia-builder-el-8  el_before_av_textblock  avia-builder-el-first '   itemprop=\"image\" itemscope=\"itemscope\" itemtype=\"https:\/\/schema.org\/ImageObject\" ><div class=\"avia-image-container-inner\"><div class=\"avia-image-overlay-wrap\"><img fetchpriority=\"high\" class='wp-image-412 avia-img-lazy-loading-not-412 avia_image ' src='https:\/\/ski-rental-flaine.com\/wp-content\/uploads\/2017\/05\/skiset_flaine-300x116.png' alt='Snow' title='Snow Service - Skiset Flaine'  height=\"116\" width=\"300\"  itemprop=\"thumbnailUrl\"  \/><\/div><\/div><\/div><br \/>\n<section  class='av_textblock_section av-37zyi-8260231d59a8e974ba647728d2e505ca '   itemscope=\"itemscope\" itemtype=\"https:\/\/schema.org\/CreativeWork\" ><div class='avia_textblock'  itemprop=\"text\" ><p style=\"text-align: center;\"><strong>SNOW SERVICE &#8211; FLAINE FOR\u00caT<br \/>\n<\/strong><\/p>\n<p>Flaine For\u00eat, opposite the Auditorium, 50 m from Les Pl\u00e9\u00efades \u2013 Luggage storage at the Grands Vans chairlift<\/p>\n<p>Skis or snowboard wait for you by Flaine For\u00eat!<\/p>\n<p style=\"text-align: center;\"><strong>Mont-Soleil Pierre et Vacances<\/strong><\/p>\n<p style=\"text-align: center;\"><strong>Les Terrasses de Veret<\/strong><\/p>\n<p style=\"text-align: center;\"><strong>Les Terrasses d\u2019Eos<\/strong><\/p>\n<p style=\"text-align: center;\"><strong>Les Terrasses d\u2019H\u00e9lios<\/strong><\/p>\n<\/div><\/section><br \/>\n<div  class='avia-button-wrap av-2nl5q-61144f2871481b3cb1ec461c32b51e16-wrap avia-button-center  avia-builder-el-10  el_after_av_textblock  avia-builder-el-last '><a href='https:\/\/www.skiset.co.uk\/ski-resort\/flaine\/shops\/snow-service-foret\/'  class='avia-button av-2nl5q-61144f2871481b3cb1ec461c32b51e16 av-link-btn avia-icon_select-yes-right-icon avia-size-x-large avia-position-center avia-color-theme-color'  target=\"_blank\"  rel=\"noopener noreferrer\"  aria-label=\"RENT ONLINE HERE\"><span class='avia_iconbox_title' >RENT ONLINE HERE<\/span><span class='avia_button_icon avia_button_icon_right avia-iconfont avia-font-entypo-fontello' data-av_icon='\ue835' data-av_iconfont='entypo-fontello' ><\/span><\/a><\/div><\/p><\/div><\/div><!--close column table wrapper. Autoclose: 1 -->\n\n<style type=\"text\/css\" data-created_by=\"avia_inline_auto\" id=\"style-css-av-239lm-c93790bb4ae82e87f1a8bc11dd4e1cba\">\n.flex_column.av-239lm-c93790bb4ae82e87f1a8bc11dd4e1cba{\nborder-radius:0px 0px 0px 0px;\npadding:0px 0px 0px 0px;\n}\n<\/style>\n<div  class='flex_column av-239lm-c93790bb4ae82e87f1a8bc11dd4e1cba av_one_full  avia-builder-el-11  el_after_av_one_half  avia-builder-el-last  first flex_column_div av-zero-column-padding  column-top-margin'     ><section  class='av_textblock_section av-6a1a-097df5a78db0c80cc697d234a3e3ddc6 '   itemscope=\"itemscope\" itemtype=\"https:\/\/schema.org\/CreativeWork\" ><div class='avia_textblock'  itemprop=\"text\" ><p style=\"text-align: center;\"><strong>You can also book equipment by phoning us!<\/strong><\/p>\n<p style=\"text-align: center;\"><strong>G\u00e9n\u00e9ral Sports <a href=\"tel:+33450908716\">0033 450 90 87 16<\/a><\/strong><\/p>\n<p style=\"text-align: center;\"><strong>Snow Service <a href=\"tel:+33450908712\">0033 450 90 87 12<\/a><\/strong><\/p>\n<p style=\"text-align: center;\"><strong>info@ski-rental-flaine.com<\/strong><\/p>\n<h4>Contact us to find out our rental rates<\/h4>\n<p>EXCELLENCE, PERFORMANCE, BACKCOUNTRY, DISCOVERY, SENSATION, ECONOMY adult range, CHAMPION, KID, MINI-KID for kids. Do not hesitate to contact us for a clever choice, special request, etc. Special rates apply for group bookings. G\u00e9n\u00e9ral Sport also rents snowshoes and ski touring equipment. Don\u2019t forget to take out breakage and theft insurance against your rental equipment!<br \/>\nWe would also advise that all children wear a helmet !<\/p>\n<\/div><\/section><\/div>\n","protected":false},"excerpt":{"rendered":"","protected":false},"author":1,"featured_media":0,"parent":0,"menu_order":0,"comment_status":"closed","ping_status":"closed","template":"","meta":{"footnotes":""},"class_list":["post-126","page","type-page","status-publish","hentry"],"yoast_head":"<!-- This site is optimized with the Yoast SEO plugin v27.4 - https:\/\/yoast.com\/product\/yoast-seo-wordpress\/ -->\n<title>Rental - Skiset Flaine - G\u00e9n\u00e9ral Sport \/ Snow Service<\/title>\n<meta name=\"description\" content=\"Rental of skis, snowboards, piste and backcountry, 2 stores to better meet your expectations, recent equipment perfectly maintained!\" \/>\n<meta name=\"robots\" content=\"index, follow, max-snippet:-1, max-image-preview:large, max-video-preview:-1\" \/>\n<link rel=\"canonical\" href=\"https:\/\/ski-rental-flaine.com\/en\/rental\/\" \/>\n<meta property=\"og:locale\" content=\"en_US\" \/>\n<meta property=\"og:type\" content=\"article\" \/>\n<meta property=\"og:title\" content=\"Rental - Skiset Flaine - G\u00e9n\u00e9ral Sport \/ Snow Service\" \/>\n<meta property=\"og:description\" content=\"Rental of skis, snowboards, piste and backcountry, 2 stores to better meet your expectations, recent equipment perfectly maintained!\" \/>\n<meta property=\"og:url\" content=\"https:\/\/ski-rental-flaine.com\/en\/rental\/\" \/>\n<meta property=\"og:site_name\" content=\"Skiset Flaine - G\u00e9n\u00e9ral Sport \/ Snow Service\" \/>\n<meta property=\"article:modified_time\" content=\"2023-11-09T14:29:25+00:00\" \/>\n<meta name=\"twitter:card\" content=\"summary_large_image\" \/>\n<meta name=\"twitter:label1\" content=\"Est. reading time\" \/>\n\t<meta name=\"twitter:data1\" content=\"5 minutes\" \/>\n<script type=\"application\/ld+json\" class=\"yoast-schema-graph\">{\"@context\":\"https:\\\/\\\/schema.org\",\"@graph\":[{\"@type\":\"WebPage\",\"@id\":\"https:\\\/\\\/ski-rental-flaine.com\\\/en\\\/rental\\\/\",\"url\":\"https:\\\/\\\/ski-rental-flaine.com\\\/en\\\/rental\\\/\",\"name\":\"Rental - Skiset Flaine - G\u00e9n\u00e9ral Sport \\\/ Snow Service\",\"isPartOf\":{\"@id\":\"https:\\\/\\\/ski-rental-flaine.com\\\/en\\\/#website\"},\"datePublished\":\"2017-05-11T15:13:50+00:00\",\"dateModified\":\"2023-11-09T14:29:25+00:00\",\"description\":\"Rental of skis, snowboards, piste and backcountry, 2 stores to better meet your expectations, recent equipment perfectly maintained!\",\"breadcrumb\":{\"@id\":\"https:\\\/\\\/ski-rental-flaine.com\\\/en\\\/rental\\\/#breadcrumb\"},\"inLanguage\":\"en-US\",\"potentialAction\":[{\"@type\":\"ReadAction\",\"target\":[\"https:\\\/\\\/ski-rental-flaine.com\\\/en\\\/rental\\\/\"]}]},{\"@type\":\"BreadcrumbList\",\"@id\":\"https:\\\/\\\/ski-rental-flaine.com\\\/en\\\/rental\\\/#breadcrumb\",\"itemListElement\":[{\"@type\":\"ListItem\",\"position\":1,\"name\":\"Accueil\",\"item\":\"https:\\\/\\\/ski-rental-flaine.com\\\/en\\\/home\\\/\"},{\"@type\":\"ListItem\",\"position\":2,\"name\":\"Rental\"}]},{\"@type\":\"WebSite\",\"@id\":\"https:\\\/\\\/ski-rental-flaine.com\\\/en\\\/#website\",\"url\":\"https:\\\/\\\/ski-rental-flaine.com\\\/en\\\/\",\"name\":\"Skiset Flaine - G\u00e9n\u00e9ral Sport \\\/ Snow Service\",\"description\":\"Location\\\/Vente - Ski, snowboard, \u00e0 Flaine\",\"potentialAction\":[{\"@type\":\"SearchAction\",\"target\":{\"@type\":\"EntryPoint\",\"urlTemplate\":\"https:\\\/\\\/ski-rental-flaine.com\\\/en\\\/?s={search_term_string}\"},\"query-input\":{\"@type\":\"PropertyValueSpecification\",\"valueRequired\":true,\"valueName\":\"search_term_string\"}}],\"inLanguage\":\"en-US\"}]}<\/script>\n<!-- \/ Yoast SEO plugin. -->","yoast_head_json":{"title":"Rental - Skiset Flaine - G\u00e9n\u00e9ral Sport \/ Snow Service","description":"Rental of skis, snowboards, piste and backcountry, 2 stores to better meet your expectations, recent equipment perfectly maintained!","robots":{"index":"index","follow":"follow","max-snippet":"max-snippet:-1","max-image-preview":"max-image-preview:large","max-video-preview":"max-video-preview:-1"},"canonical":"https:\/\/ski-rental-flaine.com\/en\/rental\/","og_locale":"en_US","og_type":"article","og_title":"Rental - Skiset Flaine - G\u00e9n\u00e9ral Sport \/ Snow Service","og_description":"Rental of skis, snowboards, piste and backcountry, 2 stores to better meet your expectations, recent equipment perfectly maintained!","og_url":"https:\/\/ski-rental-flaine.com\/en\/rental\/","og_site_name":"Skiset Flaine - G\u00e9n\u00e9ral Sport \/ Snow Service","article_modified_time":"2023-11-09T14:29:25+00:00","twitter_card":"summary_large_image","twitter_misc":{"Est. reading time":"5 minutes"},"schema":{"@context":"https:\/\/schema.org","@graph":[{"@type":"WebPage","@id":"https:\/\/ski-rental-flaine.com\/en\/rental\/","url":"https:\/\/ski-rental-flaine.com\/en\/rental\/","name":"Rental - Skiset Flaine - G\u00e9n\u00e9ral Sport \/ Snow Service","isPartOf":{"@id":"https:\/\/ski-rental-flaine.com\/en\/#website"},"datePublished":"2017-05-11T15:13:50+00:00","dateModified":"2023-11-09T14:29:25+00:00","description":"Rental of skis, snowboards, piste and backcountry, 2 stores to better meet your expectations, recent equipment perfectly maintained!","breadcrumb":{"@id":"https:\/\/ski-rental-flaine.com\/en\/rental\/#breadcrumb"},"inLanguage":"en-US","potentialAction":[{"@type":"ReadAction","target":["https:\/\/ski-rental-flaine.com\/en\/rental\/"]}]},{"@type":"BreadcrumbList","@id":"https:\/\/ski-rental-flaine.com\/en\/rental\/#breadcrumb","itemListElement":[{"@type":"ListItem","position":1,"name":"Accueil","item":"https:\/\/ski-rental-flaine.com\/en\/home\/"},{"@type":"ListItem","position":2,"name":"Rental"}]},{"@type":"WebSite","@id":"https:\/\/ski-rental-flaine.com\/en\/#website","url":"https:\/\/ski-rental-flaine.com\/en\/","name":"Skiset Flaine - G\u00e9n\u00e9ral Sport \/ Snow Service","description":"Location\/Vente - Ski, snowboard, \u00e0 Flaine","potentialAction":[{"@type":"SearchAction","target":{"@type":"EntryPoint","urlTemplate":"https:\/\/ski-rental-flaine.com\/en\/?s={search_term_string}"},"query-input":{"@type":"PropertyValueSpecification","valueRequired":true,"valueName":"search_term_string"}}],"inLanguage":"en-US"}]}},"_links":{"self":[{"href":"https:\/\/ski-rental-flaine.com\/en\/wp-json\/wp\/v2\/pages\/126","targetHints":{"allow":["GET"]}}],"collection":[{"href":"https:\/\/ski-rental-flaine.com\/en\/wp-json\/wp\/v2\/pages"}],"about":[{"href":"https:\/\/ski-rental-flaine.com\/en\/wp-json\/wp\/v2\/types\/page"}],"author":[{"embeddable":true,"href":"https:\/\/ski-rental-flaine.com\/en\/wp-json\/wp\/v2\/users\/1"}],"replies":[{"embeddable":true,"href":"https:\/\/ski-rental-flaine.com\/en\/wp-json\/wp\/v2\/comments?post=126"}],"version-history":[{"count":0,"href":"https:\/\/ski-rental-flaine.com\/en\/wp-json\/wp\/v2\/pages\/126\/revisions"}],"wp:attachment":[{"href":"https:\/\/ski-rental-flaine.com\/en\/wp-json\/wp\/v2\/media?parent=126"}],"curies":[{"name":"wp","href":"https:\/\/api.w.org\/{rel}","templated":true}]}}