{"id":176,"date":"2017-05-12T16:27:30","date_gmt":"2017-05-12T14:27:30","guid":{"rendered":"https:\/\/ski-rental-flaine.com\/retail\/"},"modified":"2017-05-12T16:27:30","modified_gmt":"2017-05-12T14:27:30","slug":"retail","status":"publish","type":"page","link":"https:\/\/ski-rental-flaine.com\/en\/retail\/","title":{"rendered":"Retail"},"content":{"rendered":"<section  class='av_textblock_section av-av_textblock-396ddf1f42196ca838231e61a4602801 '   itemscope=\"itemscope\" itemtype=\"https:\/\/schema.org\/CreativeWork\" ><div class='avia_textblock'  itemprop=\"text\" ><h1 style=\"text-align: center;\">RETAIL<\/h1>\n<\/div><\/section>\n\n<style type=\"text\/css\" data-created_by=\"avia_inline_auto\" id=\"style-css-av-av_one_full-6126cab7d8fab8d08143dd2dacdf673c\">\n.flex_column.av-av_one_full-6126cab7d8fab8d08143dd2dacdf673c{\nborder-radius:0px 0px 0px 0px;\npadding:0px 0px 0px 0px;\n}\n<\/style>\n<div  class='flex_column av-av_one_full-6126cab7d8fab8d08143dd2dacdf673c av_one_full  avia-builder-el-1  el_after_av_textblock  avia-builder-el-last  first flex_column_div av-zero-column-padding  column-top-margin'     ><p><section  class='av_textblock_section av-av_textblock-396ddf1f42196ca838231e61a4602801 '   itemscope=\"itemscope\" itemtype=\"https:\/\/schema.org\/CreativeWork\" ><div class='avia_textblock'  itemprop=\"text\" ><p>Salomon, Rossignol, Dynastar, Head, K2, Fischer, Tecnica, Burton, Apo, Lacroix, Nordica, Scott, Cairn, Dakine, Giro, Kask, Leki, Level, Mundaka, Monnet, Go Pro\u2026<\/p>\n<\/div><\/section><br \/>\n\n<style type=\"text\/css\" data-created_by=\"avia_inline_auto\" id=\"style-css-av-av_image-67dcf3554362c6f262a1e48c8611b8a9\">\n.avia-image-container.av-av_image-67dcf3554362c6f262a1e48c8611b8a9 img.avia_image{\nbox-shadow:none;\n}\n.avia-image-container.av-av_image-67dcf3554362c6f262a1e48c8611b8a9 .av-image-caption-overlay-center{\ncolor:#ffffff;\n}\n<\/style>\n<div  class='avia-image-container av-av_image-67dcf3554362c6f262a1e48c8611b8a9 av-styling- avia_animated_image av-animated-when-visible-95 bottom-to-top avia-align-center  avia-builder-el-3  el_after_av_textblock  avia-builder-el-last '   itemprop=\"image\" itemscope=\"itemscope\" itemtype=\"https:\/\/schema.org\/ImageObject\" ><div class=\"avia-image-container-inner\"><div class=\"avia-image-overlay-wrap\"><img fetchpriority=\"high\" class='wp-image-417 avia-img-lazy-loading-not-417 avia_image ' src='https:\/\/ski-rental-flaine.com\/wp-content\/uploads\/2017\/04\/marques2.png' alt='Skiset Flaine - marques' title='Skiset Flaine - marques'  height=\"99\" width=\"1024\"  itemprop=\"thumbnailUrl\"  \/><\/div><\/div><\/div><\/p><\/div>\n","protected":false},"excerpt":{"rendered":"","protected":false},"author":1,"featured_media":0,"parent":0,"menu_order":0,"comment_status":"closed","ping_status":"closed","template":"","meta":{"footnotes":""},"class_list":["post-176","page","type-page","status-publish","hentry"],"yoast_head":"<!-- This site is optimized with the Yoast SEO plugin v27.4 - https:\/\/yoast.com\/product\/yoast-seo-wordpress\/ -->\n<title>Retail - Skiset Flaine - G\u00e9n\u00e9ral Sport \/ Snow Service<\/title>\n<meta name=\"description\" content=\"Bienvenue \u00e0 Flaine, nos magasins Skiset, G\u00e9n\u00e9ral Sport au Hameau de Flaine et Snow Service \u00e0 Flaine For\u00eat, vous accueillent, vous \u00e9quipent, location et vente ! Nous proposons \u00e9galement des cours de ski et snowboard, ou randonn\u00e9e. Services de ski locker, ateliers de r\u00e9paration\/entretien, transport de personnes\u2026\" \/>\n<meta name=\"robots\" content=\"index, follow, max-snippet:-1, max-image-preview:large, max-video-preview:-1\" \/>\n<link rel=\"canonical\" href=\"https:\/\/ski-rental-flaine.com\/en\/retail\/\" \/>\n<meta property=\"og:locale\" content=\"en_US\" \/>\n<meta property=\"og:type\" content=\"article\" \/>\n<meta property=\"og:title\" content=\"Retail - Skiset Flaine - G\u00e9n\u00e9ral Sport \/ Snow Service\" \/>\n<meta property=\"og:description\" content=\"Bienvenue \u00e0 Flaine, nos magasins Skiset, G\u00e9n\u00e9ral Sport au Hameau de Flaine et Snow Service \u00e0 Flaine For\u00eat, vous accueillent, vous \u00e9quipent, location et vente ! Nous proposons \u00e9galement des cours de ski et snowboard, ou randonn\u00e9e. Services de ski locker, ateliers de r\u00e9paration\/entretien, transport de personnes\u2026\" \/>\n<meta property=\"og:url\" content=\"https:\/\/ski-rental-flaine.com\/en\/retail\/\" \/>\n<meta property=\"og:site_name\" content=\"Skiset Flaine - G\u00e9n\u00e9ral Sport \/ Snow Service\" \/>\n<meta name=\"twitter:card\" content=\"summary_large_image\" \/>\n<meta name=\"twitter:label1\" content=\"Est. reading time\" \/>\n\t<meta name=\"twitter:data1\" content=\"1 minute\" \/>\n<script type=\"application\/ld+json\" class=\"yoast-schema-graph\">{\"@context\":\"https:\\\/\\\/schema.org\",\"@graph\":[{\"@type\":\"WebPage\",\"@id\":\"https:\\\/\\\/ski-rental-flaine.com\\\/en\\\/retail\\\/\",\"url\":\"https:\\\/\\\/ski-rental-flaine.com\\\/en\\\/retail\\\/\",\"name\":\"Retail - Skiset Flaine - G\u00e9n\u00e9ral Sport \\\/ Snow Service\",\"isPartOf\":{\"@id\":\"https:\\\/\\\/ski-rental-flaine.com\\\/en\\\/#website\"},\"datePublished\":\"2017-05-12T14:27:30+00:00\",\"description\":\"Bienvenue \u00e0 Flaine, nos magasins Skiset, G\u00e9n\u00e9ral Sport au Hameau de Flaine et Snow Service \u00e0 Flaine For\u00eat, vous accueillent, vous \u00e9quipent, location et vente ! Nous proposons \u00e9galement des cours de ski et snowboard, ou randonn\u00e9e. Services de ski locker, ateliers de r\u00e9paration\\\/entretien, transport de personnes\u2026\",\"breadcrumb\":{\"@id\":\"https:\\\/\\\/ski-rental-flaine.com\\\/en\\\/retail\\\/#breadcrumb\"},\"inLanguage\":\"en-US\",\"potentialAction\":[{\"@type\":\"ReadAction\",\"target\":[\"https:\\\/\\\/ski-rental-flaine.com\\\/en\\\/retail\\\/\"]}]},{\"@type\":\"BreadcrumbList\",\"@id\":\"https:\\\/\\\/ski-rental-flaine.com\\\/en\\\/retail\\\/#breadcrumb\",\"itemListElement\":[{\"@type\":\"ListItem\",\"position\":1,\"name\":\"Accueil\",\"item\":\"https:\\\/\\\/ski-rental-flaine.com\\\/en\\\/home\\\/\"},{\"@type\":\"ListItem\",\"position\":2,\"name\":\"Retail\"}]},{\"@type\":\"WebSite\",\"@id\":\"https:\\\/\\\/ski-rental-flaine.com\\\/en\\\/#website\",\"url\":\"https:\\\/\\\/ski-rental-flaine.com\\\/en\\\/\",\"name\":\"Skiset Flaine - G\u00e9n\u00e9ral Sport \\\/ Snow Service\",\"description\":\"Location\\\/Vente - Ski, snowboard, \u00e0 Flaine\",\"potentialAction\":[{\"@type\":\"SearchAction\",\"target\":{\"@type\":\"EntryPoint\",\"urlTemplate\":\"https:\\\/\\\/ski-rental-flaine.com\\\/en\\\/?s={search_term_string}\"},\"query-input\":{\"@type\":\"PropertyValueSpecification\",\"valueRequired\":true,\"valueName\":\"search_term_string\"}}],\"inLanguage\":\"en-US\"}]}<\/script>\n<!-- \/ Yoast SEO plugin. -->","yoast_head_json":{"title":"Retail - Skiset Flaine - G\u00e9n\u00e9ral Sport \/ Snow Service","description":"Bienvenue \u00e0 Flaine, nos magasins Skiset, G\u00e9n\u00e9ral Sport au Hameau de Flaine et Snow Service \u00e0 Flaine For\u00eat, vous accueillent, vous \u00e9quipent, location et vente ! Nous proposons \u00e9galement des cours de ski et snowboard, ou randonn\u00e9e. Services de ski locker, ateliers de r\u00e9paration\/entretien, transport de personnes\u2026","robots":{"index":"index","follow":"follow","max-snippet":"max-snippet:-1","max-image-preview":"max-image-preview:large","max-video-preview":"max-video-preview:-1"},"canonical":"https:\/\/ski-rental-flaine.com\/en\/retail\/","og_locale":"en_US","og_type":"article","og_title":"Retail - Skiset Flaine - G\u00e9n\u00e9ral Sport \/ Snow Service","og_description":"Bienvenue \u00e0 Flaine, nos magasins Skiset, G\u00e9n\u00e9ral Sport au Hameau de Flaine et Snow Service \u00e0 Flaine For\u00eat, vous accueillent, vous \u00e9quipent, location et vente ! Nous proposons \u00e9galement des cours de ski et snowboard, ou randonn\u00e9e. Services de ski locker, ateliers de r\u00e9paration\/entretien, transport de personnes\u2026","og_url":"https:\/\/ski-rental-flaine.com\/en\/retail\/","og_site_name":"Skiset Flaine - G\u00e9n\u00e9ral Sport \/ Snow Service","twitter_card":"summary_large_image","twitter_misc":{"Est. reading time":"1 minute"},"schema":{"@context":"https:\/\/schema.org","@graph":[{"@type":"WebPage","@id":"https:\/\/ski-rental-flaine.com\/en\/retail\/","url":"https:\/\/ski-rental-flaine.com\/en\/retail\/","name":"Retail - Skiset Flaine - G\u00e9n\u00e9ral Sport \/ Snow Service","isPartOf":{"@id":"https:\/\/ski-rental-flaine.com\/en\/#website"},"datePublished":"2017-05-12T14:27:30+00:00","description":"Bienvenue \u00e0 Flaine, nos magasins Skiset, G\u00e9n\u00e9ral Sport au Hameau de Flaine et Snow Service \u00e0 Flaine For\u00eat, vous accueillent, vous \u00e9quipent, location et vente ! Nous proposons \u00e9galement des cours de ski et snowboard, ou randonn\u00e9e. Services de ski locker, ateliers de r\u00e9paration\/entretien, transport de personnes\u2026","breadcrumb":{"@id":"https:\/\/ski-rental-flaine.com\/en\/retail\/#breadcrumb"},"inLanguage":"en-US","potentialAction":[{"@type":"ReadAction","target":["https:\/\/ski-rental-flaine.com\/en\/retail\/"]}]},{"@type":"BreadcrumbList","@id":"https:\/\/ski-rental-flaine.com\/en\/retail\/#breadcrumb","itemListElement":[{"@type":"ListItem","position":1,"name":"Accueil","item":"https:\/\/ski-rental-flaine.com\/en\/home\/"},{"@type":"ListItem","position":2,"name":"Retail"}]},{"@type":"WebSite","@id":"https:\/\/ski-rental-flaine.com\/en\/#website","url":"https:\/\/ski-rental-flaine.com\/en\/","name":"Skiset Flaine - G\u00e9n\u00e9ral Sport \/ Snow Service","description":"Location\/Vente - Ski, snowboard, \u00e0 Flaine","potentialAction":[{"@type":"SearchAction","target":{"@type":"EntryPoint","urlTemplate":"https:\/\/ski-rental-flaine.com\/en\/?s={search_term_string}"},"query-input":{"@type":"PropertyValueSpecification","valueRequired":true,"valueName":"search_term_string"}}],"inLanguage":"en-US"}]}},"_links":{"self":[{"href":"https:\/\/ski-rental-flaine.com\/en\/wp-json\/wp\/v2\/pages\/176","targetHints":{"allow":["GET"]}}],"collection":[{"href":"https:\/\/ski-rental-flaine.com\/en\/wp-json\/wp\/v2\/pages"}],"about":[{"href":"https:\/\/ski-rental-flaine.com\/en\/wp-json\/wp\/v2\/types\/page"}],"author":[{"embeddable":true,"href":"https:\/\/ski-rental-flaine.com\/en\/wp-json\/wp\/v2\/users\/1"}],"replies":[{"embeddable":true,"href":"https:\/\/ski-rental-flaine.com\/en\/wp-json\/wp\/v2\/comments?post=176"}],"version-history":[{"count":0,"href":"https:\/\/ski-rental-flaine.com\/en\/wp-json\/wp\/v2\/pages\/176\/revisions"}],"wp:attachment":[{"href":"https:\/\/ski-rental-flaine.com\/en\/wp-json\/wp\/v2\/media?parent=176"}],"curies":[{"name":"wp","href":"https:\/\/api.w.org\/{rel}","templated":true}]}}