{"id":183,"date":"2017-05-12T16:30:58","date_gmt":"2017-05-12T14:30:58","guid":{"rendered":"https:\/\/ski-rental-flaine.com\/webcam\/"},"modified":"2024-12-24T11:27:24","modified_gmt":"2024-12-24T10:27:24","slug":"webcam","status":"publish","type":"page","link":"https:\/\/ski-rental-flaine.com\/en\/webcam\/","title":{"rendered":"Webcam"},"content":{"rendered":"\n<style type=\"text\/css\" data-created_by=\"avia_inline_auto\" id=\"style-css-av-4fyzc-3c59476744bc605d09334259789fb9f4\">\n.flex_column.av-4fyzc-3c59476744bc605d09334259789fb9f4{\nborder-radius:0px 0px 0px 0px;\npadding:0px 0px 0px 0px;\n}\n<\/style>\n<div  class='flex_column av-4fyzc-3c59476744bc605d09334259789fb9f4 av_one_full  avia-builder-el-0  el_before_av_section  avia-builder-el-no-sibling  first flex_column_div av-zero-column-padding  '     ><section  class='av_textblock_section av-3pjd0-9b2ba1204553c3a37a05d782cede16e7 '   itemscope=\"itemscope\" itemtype=\"https:\/\/schema.org\/CreativeWork\" ><div class='avia_textblock'  itemprop=\"text\" ><h1 style=\"text-align: center;\">WEBCAM LIVE<\/h1>\n<\/div><\/section><br \/>\n<section  class='av_textblock_section av-bh5c-b691119d45defd5685775a7552cc4e58 '   itemscope=\"itemscope\" itemtype=\"https:\/\/schema.org\/CreativeWork\" ><div class='avia_textblock'  itemprop=\"text\" ><p style=\"text-align: center;\">The webcam is installed at a window of the General Sport store,<\/p>\n<p>located in the Hameau de Flaine,<\/p>\n<p>pointing to the Flaine ski area, enjoy the view, check the weather online!<\/p>\n<\/div><\/section><\/p><\/div>\n<\/div><\/div><\/div><!-- close content main div --><\/div><\/div>\n<style type=\"text\/css\" data-created_by=\"avia_inline_auto\" id=\"style-css-av-2u4cc-555bc27108ba554bfc6cb39be1a7b402\">\n.avia-section.av-2u4cc-555bc27108ba554bfc6cb39be1a7b402{\nbackground-repeat:no-repeat;\nbackground-image:url(https:\/\/ski-rental-flaine.com\/wp-content\/uploads\/2019\/10\/webcam.png);\nbackground-position:50% 50%;\nbackground-attachment:scroll;\n}\n<\/style>\n<div id='av_section_1'  class='avia-section av-2u4cc-555bc27108ba554bfc6cb39be1a7b402 main_color avia-section-huge avia-no-border-styling  avia-builder-el-3  el_after_av_one_full  avia-builder-el-last  avia-bg-style-scroll container_wrap fullsize'  data-section-bg-repeat='no-repeat'><div class='container av-section-cont-open' ><div class='template-page content  av-content-full alpha units'><div class='post-entry post-entry-type-page post-entry-183'><div class='entry-content-wrapper clearfix'>\n\n<style type=\"text\/css\" data-created_by=\"avia_inline_auto\" id=\"style-css-av-1vndc-f4e6217edb8aac8864e68accb3ed82ff\">\n#top .hr.hr-invisible.av-1vndc-f4e6217edb8aac8864e68accb3ed82ff{\nheight:120px;\n}\n<\/style>\n<div  class='hr av-1vndc-f4e6217edb8aac8864e68accb3ed82ff hr-invisible  avia-builder-el-4  el_before_av_button  avia-builder-el-first '><span class='hr-inner '><span class=\"hr-inner-style\"><\/span><\/span><\/div>\n<div  class='avia-button-wrap av-1nzlk-8b54882e23526c72198468e62155a981-wrap avia-button-center  avia-builder-el-5  el_after_av_hr  el_before_av_hr '><a href='http:\/\/193.251.72.159:8091\/mjpg\/video.mjpg?timestamp=1735034740274'  class='avia-button av-1nzlk-8b54882e23526c72198468e62155a981 av-link-btn avia-icon_select-yes-left-icon avia-size-x-large avia-position-center avia-color-theme-color'  target=\"_blank\"  rel=\"noopener noreferrer\"  aria-label=\"CLICK HERE TO SEE PICTURE\"><span class='avia_button_icon avia_button_icon_left avia-iconfont avia-font-entypo-fontello' data-av_icon='\ue826' data-av_iconfont='entypo-fontello' ><\/span><span class='avia_iconbox_title' >CLICK HERE TO SEE PICTURE<\/span><\/a><\/div>\n\n<style type=\"text\/css\" data-created_by=\"avia_inline_auto\" id=\"style-css-av-umqc-a1471e3af8ce10bcafed114954419a47\">\n#top .hr.hr-invisible.av-umqc-a1471e3af8ce10bcafed114954419a47{\nheight:120px;\n}\n<\/style>\n<div  class='hr av-umqc-a1471e3af8ce10bcafed114954419a47 hr-invisible  avia-builder-el-6  el_after_av_button  avia-builder-el-last '><span class='hr-inner '><span class=\"hr-inner-style\"><\/span><\/span><\/div>\n\n","protected":false},"excerpt":{"rendered":"","protected":false},"author":1,"featured_media":288,"parent":0,"menu_order":0,"comment_status":"closed","ping_status":"closed","template":"","meta":{"footnotes":""},"class_list":["post-183","page","type-page","status-publish","has-post-thumbnail","hentry"],"yoast_head":"<!-- This site is optimized with the Yoast SEO plugin v27.4 - https:\/\/yoast.com\/product\/yoast-seo-wordpress\/ -->\n<title>Webcam - Skiset Flaine - G\u00e9n\u00e9ral Sport \/ Snow Service<\/title>\n<meta name=\"description\" content=\"Welcome to Flaine, our Skiset, G\u00e9n\u00e9ral Sport stores in the Hameau de Flaine and Snow Service in Flaine For\u00eat offer you their webcam, from the hamlet of Flaine, live from the store!\" \/>\n<meta name=\"robots\" content=\"index, follow, max-snippet:-1, max-image-preview:large, max-video-preview:-1\" \/>\n<link rel=\"canonical\" href=\"https:\/\/ski-rental-flaine.com\/en\/webcam\/\" \/>\n<meta property=\"og:locale\" content=\"en_US\" \/>\n<meta property=\"og:type\" content=\"article\" \/>\n<meta property=\"og:title\" content=\"Webcam - Skiset Flaine - G\u00e9n\u00e9ral Sport \/ Snow Service\" \/>\n<meta property=\"og:description\" content=\"Welcome to Flaine, our Skiset, G\u00e9n\u00e9ral Sport stores in the Hameau de Flaine and Snow Service in Flaine For\u00eat offer you their webcam, from the hamlet of Flaine, live from the store!\" \/>\n<meta property=\"og:url\" content=\"https:\/\/ski-rental-flaine.com\/en\/webcam\/\" \/>\n<meta property=\"og:site_name\" content=\"Skiset Flaine - G\u00e9n\u00e9ral Sport \/ Snow Service\" \/>\n<meta property=\"article:modified_time\" content=\"2024-12-24T10:27:24+00:00\" \/>\n<meta property=\"og:image\" content=\"https:\/\/ski-rental-flaine.com\/wp-content\/uploads\/2018\/11\/webcam.jpg\" \/>\n\t<meta property=\"og:image:width\" content=\"576\" \/>\n\t<meta property=\"og:image:height\" content=\"576\" \/>\n\t<meta property=\"og:image:type\" content=\"image\/jpeg\" \/>\n<meta name=\"twitter:card\" content=\"summary_large_image\" \/>\n<meta name=\"twitter:label1\" content=\"Est. reading time\" \/>\n\t<meta name=\"twitter:data1\" content=\"5 minutes\" \/>\n<script type=\"application\/ld+json\" class=\"yoast-schema-graph\">{\"@context\":\"https:\\\/\\\/schema.org\",\"@graph\":[{\"@type\":\"WebPage\",\"@id\":\"https:\\\/\\\/ski-rental-flaine.com\\\/en\\\/webcam\\\/\",\"url\":\"https:\\\/\\\/ski-rental-flaine.com\\\/en\\\/webcam\\\/\",\"name\":\"Webcam - Skiset Flaine - G\u00e9n\u00e9ral Sport \\\/ Snow Service\",\"isPartOf\":{\"@id\":\"https:\\\/\\\/ski-rental-flaine.com\\\/en\\\/#website\"},\"primaryImageOfPage\":{\"@id\":\"https:\\\/\\\/ski-rental-flaine.com\\\/en\\\/webcam\\\/#primaryimage\"},\"image\":{\"@id\":\"https:\\\/\\\/ski-rental-flaine.com\\\/en\\\/webcam\\\/#primaryimage\"},\"thumbnailUrl\":\"https:\\\/\\\/ski-rental-flaine.com\\\/wp-content\\\/uploads\\\/2018\\\/11\\\/webcam.jpg\",\"datePublished\":\"2017-05-12T14:30:58+00:00\",\"dateModified\":\"2024-12-24T10:27:24+00:00\",\"description\":\"Welcome to Flaine, our Skiset, G\u00e9n\u00e9ral Sport stores in the Hameau de Flaine and Snow Service in Flaine For\u00eat offer you their webcam, from the hamlet of Flaine, live from the store!\",\"breadcrumb\":{\"@id\":\"https:\\\/\\\/ski-rental-flaine.com\\\/en\\\/webcam\\\/#breadcrumb\"},\"inLanguage\":\"en-US\",\"potentialAction\":[{\"@type\":\"ReadAction\",\"target\":[\"https:\\\/\\\/ski-rental-flaine.com\\\/en\\\/webcam\\\/\"]}]},{\"@type\":\"ImageObject\",\"inLanguage\":\"en-US\",\"@id\":\"https:\\\/\\\/ski-rental-flaine.com\\\/en\\\/webcam\\\/#primaryimage\",\"url\":\"https:\\\/\\\/ski-rental-flaine.com\\\/wp-content\\\/uploads\\\/2018\\\/11\\\/webcam.jpg\",\"contentUrl\":\"https:\\\/\\\/ski-rental-flaine.com\\\/wp-content\\\/uploads\\\/2018\\\/11\\\/webcam.jpg\",\"width\":576,\"height\":576,\"caption\":\"webcam\"},{\"@type\":\"BreadcrumbList\",\"@id\":\"https:\\\/\\\/ski-rental-flaine.com\\\/en\\\/webcam\\\/#breadcrumb\",\"itemListElement\":[{\"@type\":\"ListItem\",\"position\":1,\"name\":\"Accueil\",\"item\":\"https:\\\/\\\/ski-rental-flaine.com\\\/en\\\/home\\\/\"},{\"@type\":\"ListItem\",\"position\":2,\"name\":\"Webcam\"}]},{\"@type\":\"WebSite\",\"@id\":\"https:\\\/\\\/ski-rental-flaine.com\\\/en\\\/#website\",\"url\":\"https:\\\/\\\/ski-rental-flaine.com\\\/en\\\/\",\"name\":\"Skiset Flaine - G\u00e9n\u00e9ral Sport \\\/ Snow Service\",\"description\":\"Location\\\/Vente - Ski, snowboard, \u00e0 Flaine\",\"potentialAction\":[{\"@type\":\"SearchAction\",\"target\":{\"@type\":\"EntryPoint\",\"urlTemplate\":\"https:\\\/\\\/ski-rental-flaine.com\\\/en\\\/?s={search_term_string}\"},\"query-input\":{\"@type\":\"PropertyValueSpecification\",\"valueRequired\":true,\"valueName\":\"search_term_string\"}}],\"inLanguage\":\"en-US\"}]}<\/script>\n<!-- \/ Yoast SEO plugin. -->","yoast_head_json":{"title":"Webcam - Skiset Flaine - G\u00e9n\u00e9ral Sport \/ Snow Service","description":"Welcome to Flaine, our Skiset, G\u00e9n\u00e9ral Sport stores in the Hameau de Flaine and Snow Service in Flaine For\u00eat offer you their webcam, from the hamlet of Flaine, live from the store!","robots":{"index":"index","follow":"follow","max-snippet":"max-snippet:-1","max-image-preview":"max-image-preview:large","max-video-preview":"max-video-preview:-1"},"canonical":"https:\/\/ski-rental-flaine.com\/en\/webcam\/","og_locale":"en_US","og_type":"article","og_title":"Webcam - Skiset Flaine - G\u00e9n\u00e9ral Sport \/ Snow Service","og_description":"Welcome to Flaine, our Skiset, G\u00e9n\u00e9ral Sport stores in the Hameau de Flaine and Snow Service in Flaine For\u00eat offer you their webcam, from the hamlet of Flaine, live from the store!","og_url":"https:\/\/ski-rental-flaine.com\/en\/webcam\/","og_site_name":"Skiset Flaine - G\u00e9n\u00e9ral Sport \/ Snow Service","article_modified_time":"2024-12-24T10:27:24+00:00","og_image":[{"width":576,"height":576,"url":"https:\/\/ski-rental-flaine.com\/wp-content\/uploads\/2018\/11\/webcam.jpg","type":"image\/jpeg"}],"twitter_card":"summary_large_image","twitter_misc":{"Est. reading time":"5 minutes"},"schema":{"@context":"https:\/\/schema.org","@graph":[{"@type":"WebPage","@id":"https:\/\/ski-rental-flaine.com\/en\/webcam\/","url":"https:\/\/ski-rental-flaine.com\/en\/webcam\/","name":"Webcam - Skiset Flaine - G\u00e9n\u00e9ral Sport \/ Snow Service","isPartOf":{"@id":"https:\/\/ski-rental-flaine.com\/en\/#website"},"primaryImageOfPage":{"@id":"https:\/\/ski-rental-flaine.com\/en\/webcam\/#primaryimage"},"image":{"@id":"https:\/\/ski-rental-flaine.com\/en\/webcam\/#primaryimage"},"thumbnailUrl":"https:\/\/ski-rental-flaine.com\/wp-content\/uploads\/2018\/11\/webcam.jpg","datePublished":"2017-05-12T14:30:58+00:00","dateModified":"2024-12-24T10:27:24+00:00","description":"Welcome to Flaine, our Skiset, G\u00e9n\u00e9ral Sport stores in the Hameau de Flaine and Snow Service in Flaine For\u00eat offer you their webcam, from the hamlet of Flaine, live from the store!","breadcrumb":{"@id":"https:\/\/ski-rental-flaine.com\/en\/webcam\/#breadcrumb"},"inLanguage":"en-US","potentialAction":[{"@type":"ReadAction","target":["https:\/\/ski-rental-flaine.com\/en\/webcam\/"]}]},{"@type":"ImageObject","inLanguage":"en-US","@id":"https:\/\/ski-rental-flaine.com\/en\/webcam\/#primaryimage","url":"https:\/\/ski-rental-flaine.com\/wp-content\/uploads\/2018\/11\/webcam.jpg","contentUrl":"https:\/\/ski-rental-flaine.com\/wp-content\/uploads\/2018\/11\/webcam.jpg","width":576,"height":576,"caption":"webcam"},{"@type":"BreadcrumbList","@id":"https:\/\/ski-rental-flaine.com\/en\/webcam\/#breadcrumb","itemListElement":[{"@type":"ListItem","position":1,"name":"Accueil","item":"https:\/\/ski-rental-flaine.com\/en\/home\/"},{"@type":"ListItem","position":2,"name":"Webcam"}]},{"@type":"WebSite","@id":"https:\/\/ski-rental-flaine.com\/en\/#website","url":"https:\/\/ski-rental-flaine.com\/en\/","name":"Skiset Flaine - G\u00e9n\u00e9ral Sport \/ Snow Service","description":"Location\/Vente - Ski, snowboard, \u00e0 Flaine","potentialAction":[{"@type":"SearchAction","target":{"@type":"EntryPoint","urlTemplate":"https:\/\/ski-rental-flaine.com\/en\/?s={search_term_string}"},"query-input":{"@type":"PropertyValueSpecification","valueRequired":true,"valueName":"search_term_string"}}],"inLanguage":"en-US"}]}},"_links":{"self":[{"href":"https:\/\/ski-rental-flaine.com\/en\/wp-json\/wp\/v2\/pages\/183","targetHints":{"allow":["GET"]}}],"collection":[{"href":"https:\/\/ski-rental-flaine.com\/en\/wp-json\/wp\/v2\/pages"}],"about":[{"href":"https:\/\/ski-rental-flaine.com\/en\/wp-json\/wp\/v2\/types\/page"}],"author":[{"embeddable":true,"href":"https:\/\/ski-rental-flaine.com\/en\/wp-json\/wp\/v2\/users\/1"}],"replies":[{"embeddable":true,"href":"https:\/\/ski-rental-flaine.com\/en\/wp-json\/wp\/v2\/comments?post=183"}],"version-history":[{"count":0,"href":"https:\/\/ski-rental-flaine.com\/en\/wp-json\/wp\/v2\/pages\/183\/revisions"}],"wp:featuredmedia":[{"embeddable":true,"href":"https:\/\/ski-rental-flaine.com\/en\/wp-json\/wp\/v2\/media\/288"}],"wp:attachment":[{"href":"https:\/\/ski-rental-flaine.com\/en\/wp-json\/wp\/v2\/media?parent=183"}],"curies":[{"name":"wp","href":"https:\/\/api.w.org\/{rel}","templated":true}]}}