{"id":63,"date":"2017-05-11T11:52:54","date_gmt":"2017-05-11T09:52:54","guid":{"rendered":"https:\/\/ski-rental-flaine.com\/home\/"},"modified":"2022-10-26T11:12:32","modified_gmt":"2022-10-26T09:12:32","slug":"home","status":"publish","type":"page","link":"https:\/\/ski-rental-flaine.com\/en\/","title":{"rendered":"Rental &#8211; Ski school &#8211; Flaine"},"content":{"rendered":"<div id='full_slider_1'  class='avia-fullwidth-slider main_color avia-shadow   avia-builder-el-0  el_before_av_section  avia-builder-el-first   container_wrap fullsize'  >\n<style type=\"text\/css\" data-created_by=\"avia_inline_auto\" id=\"style-css-av-av_slideshow_full-e0d8e374a8c18bf792df0d4715104505\">\n#top #wrap_all .avia-slideshow .av-slideshow-caption.av-av_slideshow_full-e0d8e374a8c18bf792df0d4715104505__0 .avia-caption-title{\nfont-size:33px;\ncolor:#ffffff;\n}\n#top .avia-slideshow .av-slideshow-caption.av-av_slideshow_full-e0d8e374a8c18bf792df0d4715104505__0 .avia-caption-content{\nfont-size:22px;\ncolor:#ffffff;\n}\n#top .avia-slideshow .av-slideshow-caption.av-av_slideshow_full-e0d8e374a8c18bf792df0d4715104505__0 .avia-caption-content p{\nfont-size:22px;\n}\n<\/style>\n<div  class='avia-slideshow av-av_slideshow_full-e0d8e374a8c18bf792df0d4715104505 avia-slideshow-featured_large av_slideshow_full avia-fade-slider av-slideshow-ui av-control-hidden av-no-slider-navigation av-hide-nav-arrows av-slideshow-autoplay av-loop-endless av-loop-manual-endless av-default-height-applied   avia-slideshow-1' data-slideshow-options=\"{&quot;animation&quot;:&quot;fade&quot;,&quot;autoplay&quot;:true,&quot;loop_autoplay&quot;:&quot;endless&quot;,&quot;interval&quot;:5,&quot;loop_manual&quot;:&quot;manual-endless&quot;,&quot;autoplay_stopper&quot;:false,&quot;noNavigation&quot;:true,&quot;bg_slider&quot;:false,&quot;keep_padding&quot;:false,&quot;hoverpause&quot;:false,&quot;show_slide_delay&quot;:0}\"  itemprop=\"image\" itemscope=\"itemscope\" itemtype=\"https:\/\/schema.org\/ImageObject\" ><ul class='avia-slideshow-inner ' style='padding-bottom: 42%;'><li  class='avia-slideshow-slide av-av_slideshow_full-e0d8e374a8c18bf792df0d4715104505__0  av-single-slide slide-1 slide-odd'><div data-rel='slideshow-1' class='avia-slide-wrap '   ><div class='av-slideshow-caption av-av_slideshow_full-e0d8e374a8c18bf792df0d4715104505__0 caption_fullwidth caption_center'><div class=\"container caption_container\"><div class=\"slideshow_caption\"><div class=\"slideshow_inner_caption\"><div class=\"slideshow_align_caption\"><h2 class='avia-caption-title '  itemprop=\"name\" >WELCOME<\/h2><div class='avia-caption-content av_inherit_color'  itemprop=\"description\" ><p>Here Flaine<br \/>\nG\u00e9n\u00e9ral Sport and Snow Service sports shops<br \/>\nSKISET<\/p>\n<\/div><\/div><\/div><\/div><\/div><\/div><img fetchpriority=\"high\" class=\"wp-image-250 avia-img-lazy-loading-not-250\"  src='https:\/\/ski-rental-flaine.com\/wp-content\/uploads\/2017\/03\/P1040311.jpg' width='1500' height='630' title='Skiset Flaine - Mont-Blanc' alt='Skiset Flaine - Mont-Blanc'  itemprop=\"thumbnailUrl\"   \/><\/div><\/li><\/ul><\/div><\/div>\n\n<style type=\"text\/css\" data-created_by=\"avia_inline_auto\" id=\"style-css-av-av_section-47833af44ba930bbf9f0e91e9636b9e3\">\n.avia-section.av-av_section-47833af44ba930bbf9f0e91e9636b9e3{\nbackground-color:#d8d8d8;\nbackground-image:unset;\n}\n<\/style>\n<div id='av_section_1'  class='avia-section av-av_section-47833af44ba930bbf9f0e91e9636b9e3 main_color avia-section-small avia-no-border-styling  avia-builder-el-1  el_after_av_slideshow_full  avia-builder-el-last  avia-bg-style-scroll container_wrap fullsize'  ><div class='container av-section-cont-open' ><div class='template-page content  av-content-full alpha units'><div class='post-entry post-entry-type-page post-entry-63'><div class='entry-content-wrapper clearfix'>\n\n<style type=\"text\/css\" data-created_by=\"avia_inline_auto\" id=\"style-css-av-av_one_third-ae9c51483048f7119261b04ce5bed2de\">\n.flex_column.av-av_one_third-ae9c51483048f7119261b04ce5bed2de{\nborder-radius:0px 0px 0px 0px;\npadding:0px 0px 0px 0px;\n}\n<\/style>\n<div  class='flex_column av-av_one_third-ae9c51483048f7119261b04ce5bed2de av_one_third  avia-builder-el-2  el_before_av_one_third  avia-builder-el-first  first no_margin flex_column_div av-animated-generic top-to-bottom av-zero-column-padding  '     ><section  class='av_textblock_section av-av_textblock-396ddf1f42196ca838231e61a4602801 '   itemscope=\"itemscope\" itemtype=\"https:\/\/schema.org\/CreativeWork\" ><div class='avia_textblock'  itemprop=\"text\" ><h2 style=\"text-align: center;\">SKI SCHOOL<\/h2>\n<\/div><\/section><br \/>\n\n<style type=\"text\/css\" data-created_by=\"avia_inline_auto\" id=\"style-css-av-av_image-a3519a6427cf222607fabb0988338767\">\n.avia-image-container.av-av_image-a3519a6427cf222607fabb0988338767 img.avia_image{\nbox-shadow:none;\n}\n.avia-image-container.av-av_image-a3519a6427cf222607fabb0988338767 .av-image-caption-overlay-center{\ncolor:#ffffff;\n}\n<\/style>\n<div  class='avia-image-container av-av_image-a3519a6427cf222607fabb0988338767 av-styling- av-hover-grow av-img-linked avia_animated_image av-animated-when-visible-95 bottom-to-top avia-align-center  avia-builder-el-4  el_after_av_textblock  avia-builder-el-last '   itemprop=\"image\" itemscope=\"itemscope\" itemtype=\"https:\/\/schema.org\/ImageObject\" ><div class=\"avia-image-container-inner\"><div class=\"avia-image-overlay-wrap\"><a href=\"https:\/\/ski-rental-flaine.com\/en\/ski-school\/\" class='avia_image '  aria-label='Ski School Flaine'><img fetchpriority=\"high\" class='wp-image-402 avia-img-lazy-loading-not-402 avia_image ' src='https:\/\/ski-rental-flaine.com\/wp-content\/uploads\/2017\/04\/DSC_1626-180x180.jpg' alt='Ski School Flaine' title='Ski School Flaine'  height=\"180\" width=\"180\"  itemprop=\"thumbnailUrl\"  \/><\/a><\/div><\/div><\/div><\/p><\/div>\n<style type=\"text\/css\" data-created_by=\"avia_inline_auto\" id=\"style-css-av-av_one_third-0aa7055fe62c3622faec82866afbaeb2\">\n.flex_column.av-av_one_third-0aa7055fe62c3622faec82866afbaeb2{\nborder-radius:0px 0px 0px 0px;\npadding:0px 0px 0px 0px;\n}\n<\/style>\n<div  class='flex_column av-av_one_third-0aa7055fe62c3622faec82866afbaeb2 av_one_third  avia-builder-el-5  el_after_av_one_third  el_before_av_one_third  no_margin flex_column_div av-zero-column-padding  '     ><section  class='av_textblock_section av-av_textblock-396ddf1f42196ca838231e61a4602801 '   itemscope=\"itemscope\" itemtype=\"https:\/\/schema.org\/CreativeWork\" ><div class='avia_textblock'  itemprop=\"text\" ><h2 style=\"text-align: center;\">RENTAL<\/h2>\n<\/div><\/section><br \/>\n\n<style type=\"text\/css\" data-created_by=\"avia_inline_auto\" id=\"style-css-av-av_image-630d348b8697616f5c8a118f8a5c620c\">\n.avia-image-container.av-av_image-630d348b8697616f5c8a118f8a5c620c img.avia_image{\nbox-shadow:none;\n}\n.avia-image-container.av-av_image-630d348b8697616f5c8a118f8a5c620c .av-image-caption-overlay-center{\ncolor:#ffffff;\n}\n<\/style>\n<div  class='avia-image-container av-av_image-630d348b8697616f5c8a118f8a5c620c av-styling- av-hover-grow av-img-linked avia_animated_image av-animated-when-visible-95 bottom-to-top avia-align-center  avia-builder-el-7  el_after_av_textblock  avia-builder-el-last '   itemprop=\"image\" itemscope=\"itemscope\" itemtype=\"https:\/\/schema.org\/ImageObject\" ><div class=\"avia-image-container-inner\"><div class=\"avia-image-overlay-wrap\"><a href=\"https:\/\/ski-rental-flaine.com\/en\/rental\/\" class='avia_image '  aria-label='Skiset Flaine - Magasins'><img fetchpriority=\"high\" class='wp-image-418 avia-img-lazy-loading-not-418 avia_image ' src='https:\/\/ski-rental-flaine.com\/wp-content\/uploads\/2017\/04\/mags-180x180.png' alt='Skiset Flaine - Magasins' title='Skiset Flaine - Magasins'  height=\"180\" width=\"180\"  itemprop=\"thumbnailUrl\"  \/><\/a><\/div><\/div><\/div><\/p><\/div>\n<style type=\"text\/css\" data-created_by=\"avia_inline_auto\" id=\"style-css-av-av_one_third-0aa7055fe62c3622faec82866afbaeb2\">\n.flex_column.av-av_one_third-0aa7055fe62c3622faec82866afbaeb2{\nborder-radius:0px 0px 0px 0px;\npadding:0px 0px 0px 0px;\n}\n<\/style>\n<div  class='flex_column av-av_one_third-0aa7055fe62c3622faec82866afbaeb2 av_one_third  avia-builder-el-8  el_after_av_one_third  avia-builder-el-last  no_margin flex_column_div av-zero-column-padding  '     ><section  class='av_textblock_section av-av_textblock-396ddf1f42196ca838231e61a4602801 '   itemscope=\"itemscope\" itemtype=\"https:\/\/schema.org\/CreativeWork\" ><div class='avia_textblock'  itemprop=\"text\" ><h2 style=\"text-align: center;\">WEBCAM<\/h2>\n<\/div><\/section><br \/>\n\n<style type=\"text\/css\" data-created_by=\"avia_inline_auto\" id=\"style-css-av-av_image-903f9e07d4b10bfeb4eb49e293ebde36\">\n.avia-image-container.av-av_image-903f9e07d4b10bfeb4eb49e293ebde36 img.avia_image{\nbox-shadow:none;\n}\n.avia-image-container.av-av_image-903f9e07d4b10bfeb4eb49e293ebde36 .av-image-caption-overlay-center{\ncolor:#ffffff;\n}\n<\/style>\n<div  class='avia-image-container av-av_image-903f9e07d4b10bfeb4eb49e293ebde36 av-styling- av-hover-grow av-img-linked avia_animated_image av-animated-when-visible-95 bottom-to-top avia-align-center  avia-builder-el-10  el_after_av_textblock  avia-builder-el-last '   itemprop=\"image\" itemscope=\"itemscope\" itemtype=\"https:\/\/schema.org\/ImageObject\" ><div class=\"avia-image-container-inner\"><div class=\"avia-image-overlay-wrap\"><a href=\"https:\/\/ski-rental-flaine.com\/en\/home\/webcam-2\/\" class='avia_image '  aria-label='webcam'><img fetchpriority=\"high\" class='wp-image-288 avia-img-lazy-loading-not-288 avia_image ' src='https:\/\/ski-rental-flaine.com\/wp-content\/uploads\/2018\/11\/webcam-180x180.jpg' alt='webcam' title='webcam'  height=\"180\" width=\"180\"  itemprop=\"thumbnailUrl\"  \/><\/a><\/div><\/div><\/div><\/p><\/div>\n","protected":false},"excerpt":{"rendered":"","protected":false},"author":1,"featured_media":249,"parent":0,"menu_order":0,"comment_status":"closed","ping_status":"open","template":"","meta":{"footnotes":""},"class_list":["post-63","page","type-page","status-publish","has-post-thumbnail","hentry"],"yoast_head":"<!-- This site is optimized with the Yoast SEO plugin v27.4 - https:\/\/yoast.com\/product\/yoast-seo-wordpress\/ -->\n<title>Rental - Ski school - Flaine - Skiset Flaine - G\u00e9n\u00e9ral Sport \/ Snow Service<\/title>\n<meta name=\"description\" content=\"Bienvenue \u00e0 Flaine, nos magasins Skiset, G\u00e9n\u00e9ral Sport au Hameau de Flaine et Snow Service \u00e0 Flaine For\u00eat, vous accueillent, vous \u00e9quipent, location et vente ! Nous proposons \u00e9galement des cours de ski et snowboard, ou randonn\u00e9e. Services de ski locker, ateliers de r\u00e9paration\/entretien, transport de personnes\u2026\" \/>\n<meta name=\"robots\" content=\"index, follow, max-snippet:-1, max-image-preview:large, max-video-preview:-1\" \/>\n<link rel=\"canonical\" href=\"https:\/\/ski-rental-flaine.com\/en\/\" \/>\n<meta property=\"og:locale\" content=\"en_US\" \/>\n<meta property=\"og:type\" content=\"article\" \/>\n<meta property=\"og:title\" content=\"Rental - Ski school - Flaine - Skiset Flaine - G\u00e9n\u00e9ral Sport \/ Snow Service\" \/>\n<meta property=\"og:description\" content=\"Bienvenue \u00e0 Flaine, nos magasins Skiset, G\u00e9n\u00e9ral Sport au Hameau de Flaine et Snow Service \u00e0 Flaine For\u00eat, vous accueillent, vous \u00e9quipent, location et vente ! Nous proposons \u00e9galement des cours de ski et snowboard, ou randonn\u00e9e. Services de ski locker, ateliers de r\u00e9paration\/entretien, transport de personnes\u2026\" \/>\n<meta property=\"og:url\" content=\"https:\/\/ski-rental-flaine.com\/en\/\" \/>\n<meta property=\"og:site_name\" content=\"Skiset Flaine - G\u00e9n\u00e9ral Sport \/ Snow Service\" \/>\n<meta property=\"article:modified_time\" content=\"2022-10-26T09:12:32+00:00\" \/>\n<meta property=\"og:image\" content=\"https:\/\/ski-rental-flaine.com\/wp-content\/uploads\/2017\/03\/flaine-serge-pente-a-jule-681x1030.jpg\" \/>\n\t<meta property=\"og:image:width\" content=\"681\" \/>\n\t<meta property=\"og:image:height\" content=\"1030\" \/>\n\t<meta property=\"og:image:type\" content=\"image\/jpeg\" \/>\n<meta name=\"twitter:card\" content=\"summary_large_image\" \/>\n<meta name=\"twitter:label1\" content=\"Est. reading time\" \/>\n\t<meta name=\"twitter:data1\" content=\"3 minutes\" \/>\n<script type=\"application\/ld+json\" class=\"yoast-schema-graph\">{\"@context\":\"https:\\\/\\\/schema.org\",\"@graph\":[{\"@type\":\"WebPage\",\"@id\":\"https:\\\/\\\/ski-rental-flaine.com\\\/en\\\/\",\"url\":\"https:\\\/\\\/ski-rental-flaine.com\\\/en\\\/\",\"name\":\"Rental - Ski school - Flaine - Skiset Flaine - G\u00e9n\u00e9ral Sport \\\/ Snow Service\",\"isPartOf\":{\"@id\":\"https:\\\/\\\/ski-rental-flaine.com\\\/en\\\/#website\"},\"primaryImageOfPage\":{\"@id\":\"https:\\\/\\\/ski-rental-flaine.com\\\/en\\\/#primaryimage\"},\"image\":{\"@id\":\"https:\\\/\\\/ski-rental-flaine.com\\\/en\\\/#primaryimage\"},\"thumbnailUrl\":\"https:\\\/\\\/ski-rental-flaine.com\\\/wp-content\\\/uploads\\\/2017\\\/03\\\/flaine-serge-pente-a-jule.jpg\",\"datePublished\":\"2017-05-11T09:52:54+00:00\",\"dateModified\":\"2022-10-26T09:12:32+00:00\",\"description\":\"Bienvenue \u00e0 Flaine, nos magasins Skiset, G\u00e9n\u00e9ral Sport au Hameau de Flaine et Snow Service \u00e0 Flaine For\u00eat, vous accueillent, vous \u00e9quipent, location et vente ! Nous proposons \u00e9galement des cours de ski et snowboard, ou randonn\u00e9e. Services de ski locker, ateliers de r\u00e9paration\\\/entretien, transport de personnes\u2026\",\"breadcrumb\":{\"@id\":\"https:\\\/\\\/ski-rental-flaine.com\\\/en\\\/#breadcrumb\"},\"inLanguage\":\"en-US\",\"potentialAction\":[{\"@type\":\"ReadAction\",\"target\":[\"https:\\\/\\\/ski-rental-flaine.com\\\/en\\\/\"]}]},{\"@type\":\"ImageObject\",\"inLanguage\":\"en-US\",\"@id\":\"https:\\\/\\\/ski-rental-flaine.com\\\/en\\\/#primaryimage\",\"url\":\"https:\\\/\\\/ski-rental-flaine.com\\\/wp-content\\\/uploads\\\/2017\\\/03\\\/flaine-serge-pente-a-jule.jpg\",\"contentUrl\":\"https:\\\/\\\/ski-rental-flaine.com\\\/wp-content\\\/uploads\\\/2017\\\/03\\\/flaine-serge-pente-a-jule.jpg\",\"width\":2872,\"height\":4344,\"caption\":\"Skiset Flaine\"},{\"@type\":\"BreadcrumbList\",\"@id\":\"https:\\\/\\\/ski-rental-flaine.com\\\/en\\\/#breadcrumb\",\"itemListElement\":[{\"@type\":\"ListItem\",\"position\":1,\"name\":\"Accueil\",\"item\":\"https:\\\/\\\/ski-rental-flaine.com\\\/en\\\/home\\\/\"},{\"@type\":\"ListItem\",\"position\":2,\"name\":\"Rental &#8211; Ski school &#8211; Flaine\"}]},{\"@type\":\"WebSite\",\"@id\":\"https:\\\/\\\/ski-rental-flaine.com\\\/en\\\/#website\",\"url\":\"https:\\\/\\\/ski-rental-flaine.com\\\/en\\\/\",\"name\":\"Skiset Flaine - G\u00e9n\u00e9ral Sport \\\/ Snow Service\",\"description\":\"Location\\\/Vente - Ski, snowboard, \u00e0 Flaine\",\"potentialAction\":[{\"@type\":\"SearchAction\",\"target\":{\"@type\":\"EntryPoint\",\"urlTemplate\":\"https:\\\/\\\/ski-rental-flaine.com\\\/en\\\/?s={search_term_string}\"},\"query-input\":{\"@type\":\"PropertyValueSpecification\",\"valueRequired\":true,\"valueName\":\"search_term_string\"}}],\"inLanguage\":\"en-US\"}]}<\/script>\n<!-- \/ Yoast SEO plugin. -->","yoast_head_json":{"title":"Rental - Ski school - Flaine - Skiset Flaine - G\u00e9n\u00e9ral Sport \/ Snow Service","description":"Bienvenue \u00e0 Flaine, nos magasins Skiset, G\u00e9n\u00e9ral Sport au Hameau de Flaine et Snow Service \u00e0 Flaine For\u00eat, vous accueillent, vous \u00e9quipent, location et vente ! Nous proposons \u00e9galement des cours de ski et snowboard, ou randonn\u00e9e. Services de ski locker, ateliers de r\u00e9paration\/entretien, transport de personnes\u2026","robots":{"index":"index","follow":"follow","max-snippet":"max-snippet:-1","max-image-preview":"max-image-preview:large","max-video-preview":"max-video-preview:-1"},"canonical":"https:\/\/ski-rental-flaine.com\/en\/","og_locale":"en_US","og_type":"article","og_title":"Rental - Ski school - Flaine - Skiset Flaine - G\u00e9n\u00e9ral Sport \/ Snow Service","og_description":"Bienvenue \u00e0 Flaine, nos magasins Skiset, G\u00e9n\u00e9ral Sport au Hameau de Flaine et Snow Service \u00e0 Flaine For\u00eat, vous accueillent, vous \u00e9quipent, location et vente ! Nous proposons \u00e9galement des cours de ski et snowboard, ou randonn\u00e9e. Services de ski locker, ateliers de r\u00e9paration\/entretien, transport de personnes\u2026","og_url":"https:\/\/ski-rental-flaine.com\/en\/","og_site_name":"Skiset Flaine - G\u00e9n\u00e9ral Sport \/ Snow Service","article_modified_time":"2022-10-26T09:12:32+00:00","og_image":[{"width":681,"height":1030,"url":"https:\/\/ski-rental-flaine.com\/wp-content\/uploads\/2017\/03\/flaine-serge-pente-a-jule-681x1030.jpg","type":"image\/jpeg"}],"twitter_card":"summary_large_image","twitter_misc":{"Est. reading time":"3 minutes"},"schema":{"@context":"https:\/\/schema.org","@graph":[{"@type":"WebPage","@id":"https:\/\/ski-rental-flaine.com\/en\/","url":"https:\/\/ski-rental-flaine.com\/en\/","name":"Rental - Ski school - Flaine - Skiset Flaine - G\u00e9n\u00e9ral Sport \/ Snow Service","isPartOf":{"@id":"https:\/\/ski-rental-flaine.com\/en\/#website"},"primaryImageOfPage":{"@id":"https:\/\/ski-rental-flaine.com\/en\/#primaryimage"},"image":{"@id":"https:\/\/ski-rental-flaine.com\/en\/#primaryimage"},"thumbnailUrl":"https:\/\/ski-rental-flaine.com\/wp-content\/uploads\/2017\/03\/flaine-serge-pente-a-jule.jpg","datePublished":"2017-05-11T09:52:54+00:00","dateModified":"2022-10-26T09:12:32+00:00","description":"Bienvenue \u00e0 Flaine, nos magasins Skiset, G\u00e9n\u00e9ral Sport au Hameau de Flaine et Snow Service \u00e0 Flaine For\u00eat, vous accueillent, vous \u00e9quipent, location et vente ! Nous proposons \u00e9galement des cours de ski et snowboard, ou randonn\u00e9e. Services de ski locker, ateliers de r\u00e9paration\/entretien, transport de personnes\u2026","breadcrumb":{"@id":"https:\/\/ski-rental-flaine.com\/en\/#breadcrumb"},"inLanguage":"en-US","potentialAction":[{"@type":"ReadAction","target":["https:\/\/ski-rental-flaine.com\/en\/"]}]},{"@type":"ImageObject","inLanguage":"en-US","@id":"https:\/\/ski-rental-flaine.com\/en\/#primaryimage","url":"https:\/\/ski-rental-flaine.com\/wp-content\/uploads\/2017\/03\/flaine-serge-pente-a-jule.jpg","contentUrl":"https:\/\/ski-rental-flaine.com\/wp-content\/uploads\/2017\/03\/flaine-serge-pente-a-jule.jpg","width":2872,"height":4344,"caption":"Skiset Flaine"},{"@type":"BreadcrumbList","@id":"https:\/\/ski-rental-flaine.com\/en\/#breadcrumb","itemListElement":[{"@type":"ListItem","position":1,"name":"Accueil","item":"https:\/\/ski-rental-flaine.com\/en\/home\/"},{"@type":"ListItem","position":2,"name":"Rental &#8211; Ski school &#8211; Flaine"}]},{"@type":"WebSite","@id":"https:\/\/ski-rental-flaine.com\/en\/#website","url":"https:\/\/ski-rental-flaine.com\/en\/","name":"Skiset Flaine - G\u00e9n\u00e9ral Sport \/ Snow Service","description":"Location\/Vente - Ski, snowboard, \u00e0 Flaine","potentialAction":[{"@type":"SearchAction","target":{"@type":"EntryPoint","urlTemplate":"https:\/\/ski-rental-flaine.com\/en\/?s={search_term_string}"},"query-input":{"@type":"PropertyValueSpecification","valueRequired":true,"valueName":"search_term_string"}}],"inLanguage":"en-US"}]}},"_links":{"self":[{"href":"https:\/\/ski-rental-flaine.com\/en\/wp-json\/wp\/v2\/pages\/63","targetHints":{"allow":["GET"]}}],"collection":[{"href":"https:\/\/ski-rental-flaine.com\/en\/wp-json\/wp\/v2\/pages"}],"about":[{"href":"https:\/\/ski-rental-flaine.com\/en\/wp-json\/wp\/v2\/types\/page"}],"author":[{"embeddable":true,"href":"https:\/\/ski-rental-flaine.com\/en\/wp-json\/wp\/v2\/users\/1"}],"replies":[{"embeddable":true,"href":"https:\/\/ski-rental-flaine.com\/en\/wp-json\/wp\/v2\/comments?post=63"}],"version-history":[{"count":0,"href":"https:\/\/ski-rental-flaine.com\/en\/wp-json\/wp\/v2\/pages\/63\/revisions"}],"wp:featuredmedia":[{"embeddable":true,"href":"https:\/\/ski-rental-flaine.com\/en\/wp-json\/wp\/v2\/media\/249"}],"wp:attachment":[{"href":"https:\/\/ski-rental-flaine.com\/en\/wp-json\/wp\/v2\/media?parent=63"}],"curies":[{"name":"wp","href":"https:\/\/api.w.org\/{rel}","templated":true}]}}